{"id":5389,"date":"2025-03-05T18:12:51","date_gmt":"2025-03-05T17:12:51","guid":{"rendered":"https:\/\/bfw-wst.com\/?page_id=5389"},"modified":"2025-04-12T11:45:37","modified_gmt":"2025-04-12T09:45:37","slug":"raumambiente","status":"publish","type":"page","link":"https:\/\/bfw-wst.com\/index.php\/bueroeinrichtung\/raumambiente\/","title":{"rendered":"Raumambiente"},"content":{"rendered":"<p><div class=\"fusion-fullwidth fullwidth-box fusion-builder-row-1 fusion-flex-container has-pattern-background has-mask-background fusion-parallax-none nonhundred-percent-fullwidth non-hundred-percent-height-scrolling lazyload\" style=\"--awb-border-radius-top-left:0px;--awb-border-radius-top-right:0px;--awb-border-radius-bottom-right:0px;--awb-border-radius-bottom-left:0px;--awb-padding-top:0px;--awb-margin-top:-70px;--awb-min-height:400px;--awb-background-size:cover;--awb-flex-wrap:wrap;\" data-bg=\"https:\/\/bfw-wst.com\/wp-content\/uploads\/2025\/03\/bfw_firmengebaeude-header_sw_v2.jpg\" ><div class=\"fusion-builder-row fusion-row fusion-flex-align-items-flex-start fusion-flex-align-content-center fusion-flex-content-wrap\" style=\"max-width:1216.8px;margin-left: calc(-4% \/ 2 );margin-right: calc(-4% \/ 2 );\"><div class=\"fusion-layout-column fusion_builder_column fusion-builder-column-0 fusion_builder_column_1_1 1_1 fusion-flex-column\" style=\"--awb-bg-size:cover;--awb-width-large:100%;--awb-margin-top-large:0px;--awb-spacing-right-large:1.92%;--awb-margin-bottom-large:20px;--awb-spacing-left-large:1.92%;--awb-width-medium:100%;--awb-order-medium:0;--awb-spacing-right-medium:1.92%;--awb-spacing-left-medium:1.92%;--awb-width-small:100%;--awb-order-small:0;--awb-spacing-right-small:1.92%;--awb-spacing-left-small:1.92%;\"><div class=\"fusion-column-wrapper fusion-column-has-shadow fusion-flex-justify-content-flex-start fusion-content-layout-column\"><div class=\"fusion-title title fusion-title-1 fusion-sep-none fusion-title-center fusion-title-highlight fusion-animate-once fusion-highlight-underline_zigzag fusion-title-size-one\" style=\"--awb-text-color:var(--awb-color8);--awb-highlight-color:var(--awb-color4);--awb-highlight-width:4;--awb-margin-top:20px;--awb-margin-right:0px;--awb-margin-bottom:20px;--awb-margin-left:0px;--awb-margin-top-small:10px;--awb-margin-right-small:0px;--awb-margin-bottom-small:10px;--awb-margin-left-small:0px;\" data-highlight=\"underline_zigzag\"><h1 class=\"fusion-title-heading title-heading-center fusion-responsive-typography-calculated\" style=\"margin:0;text-transform:none;--fontSize:50;line-height:var(--awb-typography1-line-height);\"><span class=\"fusion-highlighted-text-prefix\"><\/span> <span class=\"fusion-highlighted-text-wrapper\"><span class=\"fusion-highlighted-text\">Raumambiente<\/span><svg xmlns=\"http:\/\/www.w3.org\/2000\/svg\" viewBox=\"0 0 500 150\" preserveAspectRatio=\"none\"><path d=\"M6.1,133.6c0,0,173.4-20.6,328.3-14.5c154.8,6.1,162.2,8.7,162.2,8.7s-262.6-4.9-339.2,13.9 c0,0,113.8-6.1,162.9,6.9\"><\/path><\/svg><\/span> <span class=\"fusion-highlighted-text-postfix\"><\/span><\/h1><\/div><\/div><\/div><\/div><\/div><div class=\"fusion-fullwidth fullwidth-box fusion-builder-row-2 fusion-flex-container has-pattern-background has-mask-background nonhundred-percent-fullwidth non-hundred-percent-height-scrolling\" style=\"--awb-border-radius-top-left:0px;--awb-border-radius-top-right:0px;--awb-border-radius-bottom-right:0px;--awb-border-radius-bottom-left:0px;--awb-margin-top:80px;--awb-margin-bottom:80px;--awb-flex-wrap:wrap;\" ><div class=\"fusion-builder-row fusion-row fusion-flex-align-items-flex-start fusion-flex-content-wrap\" style=\"max-width:1216.8px;margin-left: calc(-4% \/ 2 );margin-right: calc(-4% \/ 2 );\"><div class=\"fusion-layout-column fusion_builder_column fusion-builder-column-1 fusion_builder_column_3_4 3_4 fusion-flex-column\" style=\"--awb-bg-size:cover;--awb-width-large:75%;--awb-margin-top-large:0px;--awb-spacing-right-large:2.56%;--awb-margin-bottom-large:0px;--awb-spacing-left-large:2.56%;--awb-width-medium:100%;--awb-spacing-right-medium:1.92%;--awb-spacing-left-medium:1.92%;--awb-width-small:100%;--awb-spacing-right-small:1.92%;--awb-spacing-left-small:1.92%;\"><div class=\"fusion-column-wrapper fusion-flex-justify-content-flex-start fusion-content-layout-column\"><div class=\"fusion-text fusion-text-1\"><p>Ein stimmiges Raumambiente entsteht durch das harmonische Zusammenspiel von Licht, Materialien und Farben. Wir entwickeln individuelle Konzepte, die mit gezielter <strong>Beschattung<\/strong> f\u00fcr ideale Lichtverh\u00e4ltnisse und eine angenehme Arbeitsatmosph\u00e4re sorgen. Durch <strong>Begr\u00fcnung<\/strong>selemente wie Pflanzk\u00e4sten, Moosbilder und Moosw\u00e4nde integrieren wir nat\u00fcrliche Elemente, die das Raumklima verbessern und eine beruhigende Wirkung entfalten.<br \/>\nGemeinsam mit unseren Partnern gestalten wir <strong>W\u00e4nde<\/strong> und <strong>Fu\u00dfb\u00f6den<\/strong> mit Materialien, Farben oder dekorativen Highlights, die dem Raum Charakter verleihen und Bereiche gezielt definieren.<\/p>\n<p><strong>So realisieren wir ein inspirierendes und harmonisches Raumkonzept, abgestimmt auf Ihre W\u00fcnsche und Anforderungen.<\/strong><\/p>\n<\/div><\/div><\/div><div class=\"fusion-layout-column fusion_builder_column fusion-builder-column-2 fusion_builder_column_1_4 1_4 fusion-flex-column\" style=\"--awb-bg-size:cover;--awb-width-large:25%;--awb-margin-top-large:0px;--awb-spacing-right-large:7.68%;--awb-margin-bottom-large:20px;--awb-spacing-left-large:3.84%;--awb-width-medium:100%;--awb-order-medium:0;--awb-spacing-right-medium:1.92%;--awb-spacing-left-medium:1.92%;--awb-width-small:100%;--awb-order-small:0;--awb-spacing-right-small:1.92%;--awb-spacing-left-small:1.92%;\"><div class=\"fusion-column-wrapper fusion-column-has-shadow fusion-flex-justify-content-flex-start fusion-content-layout-column\"><i class=\"fb-icon-element-1 fb-icon-element fontawesome-icon fa-spa fas circle-yes fusion-text-flow\" style=\"--awb-circlebordersize:1px;--awb-font-size:61.6px;--awb-width:123.2px;--awb-height:123.2px;--awb-line-height:121.2px;--awb-margin-right:35px;\"><\/i><\/div><\/div><div class=\"fusion-layout-column fusion_builder_column fusion-builder-column-3 fusion_builder_column_1_1 1_1 fusion-flex-column\" style=\"--awb-bg-size:cover;--awb-width-large:100%;--awb-margin-top-large:20px;--awb-spacing-right-large:1.92%;--awb-margin-bottom-large:0px;--awb-spacing-left-large:1.92%;--awb-width-medium:100%;--awb-order-medium:0;--awb-spacing-right-medium:1.92%;--awb-spacing-left-medium:1.92%;--awb-width-small:100%;--awb-order-small:0;--awb-spacing-right-small:1.92%;--awb-spacing-left-small:1.92%;\" data-scroll-devices=\"small-visibility,medium-visibility,large-visibility\"><div class=\"fusion-column-wrapper fusion-column-has-shadow fusion-flex-justify-content-flex-start fusion-content-layout-column\"><div class=\"fusion-title title fusion-title-2 fusion-title-text fusion-title-size-two\" style=\"--awb-text-color:var(--awb-color4);\"><div class=\"title-sep-container title-sep-container-left fusion-no-large-visibility fusion-no-medium-visibility fusion-no-small-visibility\"><div class=\"title-sep sep- sep-solid\" style=\"border-color:var(--awb-color3);\"><\/div><\/div><span class=\"awb-title-spacer fusion-no-large-visibility fusion-no-medium-visibility fusion-no-small-visibility\"><\/span><h2 class=\"fusion-title-heading title-heading-left fusion-responsive-typography-calculated\" style=\"margin:0;text-transform:capitalize;--fontSize:42;line-height:var(--awb-typography1-line-height);\">Einige Eindr\u00fccke:<\/h2><span class=\"awb-title-spacer\"><\/span><div class=\"title-sep-container title-sep-container-right\"><div class=\"title-sep sep- sep-solid\" style=\"border-color:var(--awb-color3);\"><\/div><\/div><\/div><div class=\"awb-gallery-wrapper awb-gallery-wrapper-1 button-span-no\" style=\"--more-btn-alignment:center;\"><div style=\"margin:-5px;--awb-bordersize:0px;\" class=\"fusion-gallery fusion-gallery-container fusion-grid-3 fusion-columns-total-3 fusion-gallery-layout-grid fusion-gallery-1\"><div style=\"padding:5px;\" class=\"fusion-grid-column fusion-gallery-column fusion-gallery-column-3 hover-type-none\"><div class=\"fusion-gallery-image\"><a href=\"https:\/\/bfw-wst.com\/wp-content\/uploads\/2025\/04\/Raumambiente-1.jpg\" rel=\"noreferrer\" data-rel=\"iLightbox[gallery_image_1]\" class=\"fusion-lightbox\" target=\"_self\"><img decoding=\"async\" src=\"https:\/\/bfw-wst.com\/wp-content\/uploads\/2025\/04\/Raumambiente-1-460x295.jpg\" width=\"460\" height=\"295\" alt=\"Raumambiente-1\" title=\"Raumambiente-1\" aria-label=\"Raumambiente-1\" class=\"img-responsive wp-image-6038 fusion-gallery-image-size-fixed\"  \/><\/a><\/div><\/div><div style=\"padding:5px;\" class=\"fusion-grid-column fusion-gallery-column fusion-gallery-column-3 hover-type-none\"><div class=\"fusion-gallery-image\"><a href=\"https:\/\/bfw-wst.com\/wp-content\/uploads\/2025\/04\/Raumambiente-2.jpg\" rel=\"noreferrer\" data-rel=\"iLightbox[gallery_image_1]\" class=\"fusion-lightbox\" target=\"_self\"><img decoding=\"async\" src=\"https:\/\/bfw-wst.com\/wp-content\/uploads\/2025\/04\/Raumambiente-2-460x295.jpg\" width=\"460\" height=\"295\" alt=\"Raumambiente-2\" title=\"Raumambiente-2\" aria-label=\"Raumambiente-2\" class=\"img-responsive wp-image-6039 fusion-gallery-image-size-fixed\"  \/><\/a><\/div><\/div><div style=\"padding:5px;\" class=\"fusion-grid-column fusion-gallery-column fusion-gallery-column-3 hover-type-none\"><div class=\"fusion-gallery-image\"><a href=\"https:\/\/bfw-wst.com\/wp-content\/uploads\/2025\/04\/Raumambiente-3.jpg\" rel=\"noreferrer\" data-rel=\"iLightbox[gallery_image_1]\" class=\"fusion-lightbox\" target=\"_self\"><img decoding=\"async\" src=\"https:\/\/bfw-wst.com\/wp-content\/uploads\/2025\/04\/Raumambiente-3-460x295.jpg\" width=\"460\" height=\"295\" alt=\"Raumambiente-3\" title=\"Raumambiente-3\" aria-label=\"Raumambiente-3\" class=\"img-responsive wp-image-6040 fusion-gallery-image-size-fixed\"  \/><\/a><\/div><\/div><div class=\"clearfix\"><\/div><\/div><\/div><\/div><\/div><\/div><\/div><div class=\"fusion-fullwidth fullwidth-box fusion-builder-row-3 fusion-flex-container has-pattern-background has-mask-background fusion-parallax-none nonhundred-percent-fullwidth non-hundred-percent-height-scrolling lazyload\" style=\"--awb-border-sizes-top:0px;--awb-border-sizes-bottom:0px;--awb-border-sizes-left:0px;--awb-border-sizes-right:0px;--awb-border-radius-top-left:0px;--awb-border-radius-top-right:0px;--awb-border-radius-bottom-right:0px;--awb-border-radius-bottom-left:0px;--awb-padding-top:140px;--awb-padding-bottom:140px;--awb-padding-top-medium:100px;--awb-padding-bottom-medium:100px;--awb-padding-top-small:90px;--awb-padding-bottom-small:90px;--awb-margin-bottom:-70px;--awb-margin-bottom-small:0px;--awb-background-color:hsla(var(--awb-color8-h),var(--awb-color8-s),calc( var(--awb-color8-l) + 10% ),var(--awb-color8-a));--awb-background-image:linear-gradient(180deg, hsla(var(--awb-color8-h),var(--awb-color8-s),var(--awb-color8-l),calc( var(--awb-color8-a) - 50% )) 0%,hsla(var(--awb-color8-h),var(--awb-color8-s),var(--awb-color8-l),calc( var(--awb-color8-a) - 50% )) 100%);;--awb-background-size:cover;--awb-flex-wrap:wrap;\" data-bg=\"https:\/\/bfw-wst.com\/wp-content\/uploads\/2016\/08\/konferent-schulung-72dpi.jpg\" data-bg-gradient=\"linear-gradient(180deg, hsla(var(--awb-color8-h),var(--awb-color8-s),var(--awb-color8-l),calc( var(--awb-color8-a) - 50% )) 0%,hsla(var(--awb-color8-h),var(--awb-color8-s),var(--awb-color8-l),calc( var(--awb-color8-a) - 50% )) 100%)\" ><div class=\"fusion-builder-row fusion-row fusion-flex-align-items-flex-end fusion-flex-content-wrap\" style=\"max-width:calc( 1170px + 120px );margin-left: calc(-120px \/ 2 );margin-right: calc(-120px \/ 2 );\"><div class=\"fusion-layout-column fusion_builder_column fusion-builder-column-4 fusion_builder_column_1_1 1_1 fusion-flex-column fusion-animated\" style=\"--awb-padding-right-medium:0px;--awb-padding-left-medium:0px;--awb-bg-size:cover;--awb-width-large:100%;--awb-margin-top-large:0px;--awb-spacing-right-large:60px;--awb-margin-bottom-large:0px;--awb-spacing-left-large:60px;--awb-width-medium:60%;--awb-order-medium:0;--awb-spacing-right-medium:60px;--awb-spacing-left-medium:60px;--awb-width-small:100%;--awb-order-small:1;--awb-spacing-right-small:60px;--awb-margin-bottom-small:0px;--awb-spacing-left-small:60px;\" data-animationType=\"fadeInRight\" data-animationDuration=\"1.3\" data-animationOffset=\"top-into-view\"><div class=\"fusion-column-wrapper fusion-column-has-shadow fusion-flex-justify-content-center fusion-content-layout-column\"><div class=\"fusion-title title fusion-title-3 fusion-title-center fusion-title-text fusion-title-size-two\" style=\"--awb-text-color:var(--awb-color1);--awb-margin-top:10px;--awb-margin-right:0px;--awb-margin-bottom:20px;--awb-margin-left:0px;--awb-margin-top-small:10px;--awb-margin-right-small:0px;--awb-margin-bottom-small:50px;--awb-margin-left-small:0px;\"><div class=\"title-sep-container title-sep-container-left\"><div class=\"title-sep sep- sep-solid\" style=\"border-color:var(--awb-color3);\"><\/div><\/div><span class=\"awb-title-spacer\"><\/span><h2 class=\"fusion-title-heading title-heading-center fusion-responsive-typography-calculated\" style=\"margin:0;text-transform:none;--fontSize:42;line-height:var(--awb-typography1-line-height);\"><span style=\"font-family: var(--h2_typography-font-family); font-size: 1em; font-style: var(--h2_typography-font-style,normal); letter-spacing: var(--h2_typography-letter-spacing);\">Kontaktieren Sie uns <\/span><\/h2><span class=\"awb-title-spacer\"><\/span><div class=\"title-sep-container title-sep-container-right\"><div class=\"title-sep sep- sep-solid\" style=\"border-color:var(--awb-color3);\"><\/div><\/div><\/div><div class=\"fusion-text fusion-text-2 fusion-text-no-margin\" style=\"--awb-text-color:var(--awb-color1);--awb-margin-bottom:40px;\"><p style=\"text-align: center;\">Wir freuen uns auf Ihre Anfrage.<\/p>\n<\/div><div style=\"text-align:center;\"><a class=\"fusion-button button-flat button-xlarge button-default fusion-button-default button-1 fusion-button-default-span fusion-button-default-type\" style=\"--button_text_transform:none;\" target=\"_self\" href=\"https:\/\/bfw-wst.com\/index.php\/kontakt\/\"><span class=\"fusion-button-text awb-button__text awb-button__text--default\">Zum Kontaktformular<\/span><\/a><\/div><\/div><\/div><\/div><\/div><\/p>\n","protected":false},"excerpt":{"rendered":"","protected":false},"author":1,"featured_media":0,"parent":9,"menu_order":0,"comment_status":"closed","ping_status":"closed","template":"100-width.php","meta":{"_acf_changed":false,"footnotes":""},"class_list":["post-5389","page","type-page","status-publish","hentry"],"acf":[],"yoast_head":"<!-- This site is optimized with the Yoast SEO plugin v26.7 - https:\/\/yoast.com\/wordpress\/plugins\/seo\/ -->\n<title>Raumambiente - B\u00fcro-Fachhandel Westerstede<\/title>\n<meta name=\"description\" content=\"Ein stimmiges Raumambiente entsteht durch das harmonische Zusammenspiel von Licht, Materialien und Farben. Wir entwickeln individuelle Konzepte, die mit gezielter Beschattung f\u00fcr ideale Lichtverh\u00e4ltnisse und eine angenehme Arbeitsatmosph\u00e4re sorgen.\" \/>\n<meta name=\"robots\" content=\"index, follow, max-snippet:-1, max-image-preview:large, max-video-preview:-1\" \/>\n<link rel=\"canonical\" href=\"https:\/\/bfw-wst.com\/index.php\/bueroeinrichtung\/raumambiente\/\" \/>\n<meta property=\"og:locale\" content=\"de_DE\" \/>\n<meta property=\"og:type\" content=\"article\" \/>\n<meta property=\"og:title\" content=\"Raumambiente - B\u00fcro-Fachhandel Westerstede\" \/>\n<meta property=\"og:description\" content=\"Ein stimmiges Raumambiente entsteht durch das harmonische Zusammenspiel von Licht, Materialien und Farben. Wir entwickeln individuelle Konzepte, die mit gezielter Beschattung f\u00fcr ideale Lichtverh\u00e4ltnisse und eine angenehme Arbeitsatmosph\u00e4re sorgen.\" \/>\n<meta property=\"og:url\" content=\"https:\/\/bfw-wst.com\/index.php\/bueroeinrichtung\/raumambiente\/\" \/>\n<meta property=\"og:site_name\" content=\"B\u00fcro-Fachhandel Westerstede\" \/>\n<meta property=\"article:publisher\" content=\"https:\/\/www.facebook.com\/BuerofachhandelWesterstede\" \/>\n<meta property=\"article:modified_time\" content=\"2025-04-12T09:45:37+00:00\" \/>\n<meta name=\"twitter:card\" content=\"summary_large_image\" \/>\n<meta name=\"twitter:label1\" content=\"Gesch\u00e4tzte Lesezeit\" \/>\n\t<meta name=\"twitter:data1\" content=\"2\u00a0Minuten\" \/>\n<script type=\"application\/ld+json\" class=\"yoast-schema-graph\">{\"@context\":\"https:\/\/schema.org\",\"@graph\":[{\"@type\":\"WebPage\",\"@id\":\"https:\/\/bfw-wst.com\/index.php\/bueroeinrichtung\/raumambiente\/\",\"url\":\"https:\/\/bfw-wst.com\/index.php\/bueroeinrichtung\/raumambiente\/\",\"name\":\"Raumambiente - B\u00fcro-Fachhandel Westerstede\",\"isPartOf\":{\"@id\":\"https:\/\/bfw-wst.com\/#website\"},\"datePublished\":\"2025-03-05T17:12:51+00:00\",\"dateModified\":\"2025-04-12T09:45:37+00:00\",\"description\":\"Ein stimmiges Raumambiente entsteht durch das harmonische Zusammenspiel von Licht, Materialien und Farben. Wir entwickeln individuelle Konzepte, die mit gezielter Beschattung f\u00fcr ideale Lichtverh\u00e4ltnisse und eine angenehme Arbeitsatmosph\u00e4re sorgen.\",\"breadcrumb\":{\"@id\":\"https:\/\/bfw-wst.com\/index.php\/bueroeinrichtung\/raumambiente\/#breadcrumb\"},\"inLanguage\":\"de\",\"potentialAction\":[{\"@type\":\"ReadAction\",\"target\":[\"https:\/\/bfw-wst.com\/index.php\/bueroeinrichtung\/raumambiente\/\"]}]},{\"@type\":\"BreadcrumbList\",\"@id\":\"https:\/\/bfw-wst.com\/index.php\/bueroeinrichtung\/raumambiente\/#breadcrumb\",\"itemListElement\":[{\"@type\":\"ListItem\",\"position\":1,\"name\":\"Startseite\",\"item\":\"https:\/\/bfw-wst.com\/\"},{\"@type\":\"ListItem\",\"position\":2,\"name\":\"B\u00fcroeinrichtung\",\"item\":\"https:\/\/bfw-wst.com\/index.php\/bueroeinrichtung\/\"},{\"@type\":\"ListItem\",\"position\":3,\"name\":\"Raumambiente\"}]},{\"@type\":\"WebSite\",\"@id\":\"https:\/\/bfw-wst.com\/#website\",\"url\":\"https:\/\/bfw-wst.com\/\",\"name\":\"B\u00fcro-Fachhandel Westerstede\",\"description\":\"B\u00fcroeinrichtung und -Bedarf vom Fachmann\",\"publisher\":{\"@id\":\"https:\/\/bfw-wst.com\/#organization\"},\"potentialAction\":[{\"@type\":\"SearchAction\",\"target\":{\"@type\":\"EntryPoint\",\"urlTemplate\":\"https:\/\/bfw-wst.com\/?s={search_term_string}\"},\"query-input\":{\"@type\":\"PropertyValueSpecification\",\"valueRequired\":true,\"valueName\":\"search_term_string\"}}],\"inLanguage\":\"de\"},{\"@type\":\"Organization\",\"@id\":\"https:\/\/bfw-wst.com\/#organization\",\"name\":\"B\u00fcro-Fachhandel Westerstede\",\"url\":\"https:\/\/bfw-wst.com\/\",\"logo\":{\"@type\":\"ImageObject\",\"inLanguage\":\"de\",\"@id\":\"https:\/\/bfw-wst.com\/#\/schema\/logo\/image\/\",\"url\":\"https:\/\/bfw-wst.com\/wp-content\/uploads\/2025\/03\/bfw_logo_website_v2_2502.png\",\"contentUrl\":\"https:\/\/bfw-wst.com\/wp-content\/uploads\/2025\/03\/bfw_logo_website_v2_2502.png\",\"width\":1000,\"height\":284,\"caption\":\"B\u00fcro-Fachhandel Westerstede\"},\"image\":{\"@id\":\"https:\/\/bfw-wst.com\/#\/schema\/logo\/image\/\"},\"sameAs\":[\"https:\/\/www.facebook.com\/BuerofachhandelWesterstede\",\"https:\/\/www.linkedin.com\/company\/bro-fachhandel-westerstede-gmbh\/\",\"https:\/\/www.instagram.com\/bfw_gmbh\/\"]}]}<\/script>\n<!-- \/ Yoast SEO plugin. -->","yoast_head_json":{"title":"Raumambiente - B\u00fcro-Fachhandel Westerstede","description":"Ein stimmiges Raumambiente entsteht durch das harmonische Zusammenspiel von Licht, Materialien und Farben. Wir entwickeln individuelle Konzepte, die mit gezielter Beschattung f\u00fcr ideale Lichtverh\u00e4ltnisse und eine angenehme Arbeitsatmosph\u00e4re sorgen.","robots":{"index":"index","follow":"follow","max-snippet":"max-snippet:-1","max-image-preview":"max-image-preview:large","max-video-preview":"max-video-preview:-1"},"canonical":"https:\/\/bfw-wst.com\/index.php\/bueroeinrichtung\/raumambiente\/","og_locale":"de_DE","og_type":"article","og_title":"Raumambiente - B\u00fcro-Fachhandel Westerstede","og_description":"Ein stimmiges Raumambiente entsteht durch das harmonische Zusammenspiel von Licht, Materialien und Farben. Wir entwickeln individuelle Konzepte, die mit gezielter Beschattung f\u00fcr ideale Lichtverh\u00e4ltnisse und eine angenehme Arbeitsatmosph\u00e4re sorgen.","og_url":"https:\/\/bfw-wst.com\/index.php\/bueroeinrichtung\/raumambiente\/","og_site_name":"B\u00fcro-Fachhandel Westerstede","article_publisher":"https:\/\/www.facebook.com\/BuerofachhandelWesterstede","article_modified_time":"2025-04-12T09:45:37+00:00","twitter_card":"summary_large_image","twitter_misc":{"Gesch\u00e4tzte Lesezeit":"2\u00a0Minuten"},"schema":{"@context":"https:\/\/schema.org","@graph":[{"@type":"WebPage","@id":"https:\/\/bfw-wst.com\/index.php\/bueroeinrichtung\/raumambiente\/","url":"https:\/\/bfw-wst.com\/index.php\/bueroeinrichtung\/raumambiente\/","name":"Raumambiente - B\u00fcro-Fachhandel Westerstede","isPartOf":{"@id":"https:\/\/bfw-wst.com\/#website"},"datePublished":"2025-03-05T17:12:51+00:00","dateModified":"2025-04-12T09:45:37+00:00","description":"Ein stimmiges Raumambiente entsteht durch das harmonische Zusammenspiel von Licht, Materialien und Farben. Wir entwickeln individuelle Konzepte, die mit gezielter Beschattung f\u00fcr ideale Lichtverh\u00e4ltnisse und eine angenehme Arbeitsatmosph\u00e4re sorgen.","breadcrumb":{"@id":"https:\/\/bfw-wst.com\/index.php\/bueroeinrichtung\/raumambiente\/#breadcrumb"},"inLanguage":"de","potentialAction":[{"@type":"ReadAction","target":["https:\/\/bfw-wst.com\/index.php\/bueroeinrichtung\/raumambiente\/"]}]},{"@type":"BreadcrumbList","@id":"https:\/\/bfw-wst.com\/index.php\/bueroeinrichtung\/raumambiente\/#breadcrumb","itemListElement":[{"@type":"ListItem","position":1,"name":"Startseite","item":"https:\/\/bfw-wst.com\/"},{"@type":"ListItem","position":2,"name":"B\u00fcroeinrichtung","item":"https:\/\/bfw-wst.com\/index.php\/bueroeinrichtung\/"},{"@type":"ListItem","position":3,"name":"Raumambiente"}]},{"@type":"WebSite","@id":"https:\/\/bfw-wst.com\/#website","url":"https:\/\/bfw-wst.com\/","name":"B\u00fcro-Fachhandel Westerstede","description":"B\u00fcroeinrichtung und -Bedarf vom Fachmann","publisher":{"@id":"https:\/\/bfw-wst.com\/#organization"},"potentialAction":[{"@type":"SearchAction","target":{"@type":"EntryPoint","urlTemplate":"https:\/\/bfw-wst.com\/?s={search_term_string}"},"query-input":{"@type":"PropertyValueSpecification","valueRequired":true,"valueName":"search_term_string"}}],"inLanguage":"de"},{"@type":"Organization","@id":"https:\/\/bfw-wst.com\/#organization","name":"B\u00fcro-Fachhandel Westerstede","url":"https:\/\/bfw-wst.com\/","logo":{"@type":"ImageObject","inLanguage":"de","@id":"https:\/\/bfw-wst.com\/#\/schema\/logo\/image\/","url":"https:\/\/bfw-wst.com\/wp-content\/uploads\/2025\/03\/bfw_logo_website_v2_2502.png","contentUrl":"https:\/\/bfw-wst.com\/wp-content\/uploads\/2025\/03\/bfw_logo_website_v2_2502.png","width":1000,"height":284,"caption":"B\u00fcro-Fachhandel Westerstede"},"image":{"@id":"https:\/\/bfw-wst.com\/#\/schema\/logo\/image\/"},"sameAs":["https:\/\/www.facebook.com\/BuerofachhandelWesterstede","https:\/\/www.linkedin.com\/company\/bro-fachhandel-westerstede-gmbh\/","https:\/\/www.instagram.com\/bfw_gmbh\/"]}]}},"_links":{"self":[{"href":"https:\/\/bfw-wst.com\/index.php\/wp-json\/wp\/v2\/pages\/5389","targetHints":{"allow":["GET"]}}],"collection":[{"href":"https:\/\/bfw-wst.com\/index.php\/wp-json\/wp\/v2\/pages"}],"about":[{"href":"https:\/\/bfw-wst.com\/index.php\/wp-json\/wp\/v2\/types\/page"}],"author":[{"embeddable":true,"href":"https:\/\/bfw-wst.com\/index.php\/wp-json\/wp\/v2\/users\/1"}],"replies":[{"embeddable":true,"href":"https:\/\/bfw-wst.com\/index.php\/wp-json\/wp\/v2\/comments?post=5389"}],"version-history":[{"count":7,"href":"https:\/\/bfw-wst.com\/index.php\/wp-json\/wp\/v2\/pages\/5389\/revisions"}],"predecessor-version":[{"id":6042,"href":"https:\/\/bfw-wst.com\/index.php\/wp-json\/wp\/v2\/pages\/5389\/revisions\/6042"}],"up":[{"embeddable":true,"href":"https:\/\/bfw-wst.com\/index.php\/wp-json\/wp\/v2\/pages\/9"}],"wp:attachment":[{"href":"https:\/\/bfw-wst.com\/index.php\/wp-json\/wp\/v2\/media?parent=5389"}],"curies":[{"name":"wp","href":"https:\/\/api.w.org\/{rel}","templated":true}]}}